{"id":49910,"date":"2020-01-14T15:48:26","date_gmt":"2020-01-14T15:48:26","guid":{"rendered":"http:\/\/theluxurypr.standpoint.ch\/?page_id=49910"},"modified":"2020-03-09T14:41:44","modified_gmt":"2020-03-09T14:41:44","slug":"l-agence","status":"publish","type":"page","link":"https:\/\/theluxurypr.com\/fr\/l-agence\/","title":{"rendered":"L&rsquo;Agence"},"content":{"rendered":"<p>[et_pb_section fb_built=\u00a0\u00bb1&Prime; _builder_version=\u00a0\u00bb4.0.9&Prime; use_background_color_gradient=\u00a0\u00bbon\u00a0\u00bb background_color_gradient_start=\u00a0\u00bbrgba(0,0,0,0.71)\u00a0\u00bb background_color_gradient_end=\u00a0\u00bbrgba(0,0,0,0.71)\u00a0\u00bb background_color_gradient_overlays_image=\u00a0\u00bbon\u00a0\u00bb background_image=\u00a0\u00bbhttps:\/\/theluxurypr.com\/wp-content\/uploads\/2020\/01\/2015-10-29-20-31-56_gphg_bis-1000.jpg\u00a0\u00bb custom_padding=\u00a0\u00bb11%||11%||true|false\u00a0\u00bb locked=\u00a0\u00bboff\u00a0\u00bb][et_pb_row use_custom_gutter=\u00a0\u00bbon\u00a0\u00bb gutter_width=\u00a0\u00bb2&Prime; make_equal=\u00a0\u00bbon\u00a0\u00bb _builder_version=\u00a0\u00bb3.27.4&Prime; width=\u00a0\u00bb90%\u00a0\u00bb width_tablet=\u00a0\u00bb90%\u00a0\u00bb width_phone=\u00a0\u00bb90%\u00a0\u00bb width_last_edited=\u00a0\u00bbon|phone\u00a0\u00bb max_width=\u00a0\u00bb1270px\u00a0\u00bb max_width_tablet=\u00a0\u00bb90%\u00a0\u00bb max_width_phone=\u00a0\u00bb90%\u00a0\u00bb max_width_last_edited=\u00a0\u00bbon|tablet\u00a0\u00bb custom_padding=\u00a0\u00bb||||false|false\u00a0\u00bb][et_pb_column type=\u00a0\u00bb4_4&Prime; _builder_version=\u00a0\u00bb3.27.4&Prime;][et_pb_text _builder_version=\u00a0\u00bb4.2.2&Prime; header_font=\u00a0\u00bb|||on|||||\u00a0\u00bb header_text_align=\u00a0\u00bbcenter\u00a0\u00bb header_text_color=\u00a0\u00bb#958860&Prime; header_font_size=\u00a0\u00bb90px\u00a0\u00bb animation_style=\u00a0\u00bbfade\u00a0\u00bb header_font_size_tablet=\u00a0\u00bb70px\u00a0\u00bb header_font_size_phone=\u00a0\u00bb50px\u00a0\u00bb header_font_size_last_edited=\u00a0\u00bbon|phone\u00a0\u00bb]<\/p>\n<h1>L&rsquo;Agence<\/h1>\n<p>[\/et_pb_text][et_pb_divider color=\u00a0\u00bb#ffffff\u00a0\u00bb divider_position=\u00a0\u00bbcenter\u00a0\u00bb divider_weight=\u00a0\u00bb2px\u00a0\u00bb _builder_version=\u00a0\u00bb3.27.4&Prime; max_width=\u00a0\u00bb76px\u00a0\u00bb module_alignment=\u00a0\u00bbcenter\u00a0\u00bb custom_margin=\u00a0\u00bb-15px||||false|false\u00a0\u00bb animation_style=\u00a0\u00bbfade\u00a0\u00bb animation_delay=\u00a0\u00bb200ms\u00a0\u00bb][\/et_pb_divider][et_pb_text _builder_version=\u00a0\u00bb4.4.0&Prime; text_font=\u00a0\u00bbMontserrat||||||||\u00a0\u00bb text_text_color=\u00a0\u00bbrgba(255,255,255,0.65)\u00a0\u00bb text_font_size=\u00a0\u00bb18px\u00a0\u00bb text_line_height=\u00a0\u00bb1.8em\u00a0\u00bb text_orientation=\u00a0\u00bbcenter\u00a0\u00bb max_width=\u00a0\u00bb656px\u00a0\u00bb module_alignment=\u00a0\u00bbcenter\u00a0\u00bb custom_margin=\u00a0\u00bb30px||||false|false\u00a0\u00bb animation_style=\u00a0\u00bbfade\u00a0\u00bb animation_delay=\u00a0\u00bb400ms\u00a0\u00bb hover_enabled=\u00a0\u00bb0&Prime;]Agence de communication et de relations publiques suisse connect\u00e9e \u00e0 l&rsquo;International[\/et_pb_text][\/et_pb_column][\/et_pb_row][\/et_pb_section][et_pb_section fb_built=\u00a0\u00bb1&Prime; _builder_version=\u00a0\u00bb4.2.2&Prime; background_color=\u00a0\u00bb#545454&Prime;][et_pb_row column_structure=\u00a0\u00bb1_4,1_2,1_4&Prime; _builder_version=\u00a0\u00bb4.0.9&Prime;][et_pb_column type=\u00a0\u00bb1_4&Prime; _builder_version=\u00a0\u00bb4.0.9&Prime;][\/et_pb_column][et_pb_column type=\u00a0\u00bb1_2&Prime; _builder_version=\u00a0\u00bb4.0.9&Prime;][et_pb_text _builder_version=\u00a0\u00bb4.4.0&Prime; text_text_color=\u00a0\u00bb#ffffff\u00a0\u00bb header_text_color=\u00a0\u00bb#ffffff\u00a0\u00bb header_2_text_color=\u00a0\u00bb#ffffff\u00a0\u00bb text_orientation=\u00a0\u00bbcenter\u00a0\u00bb hover_enabled=\u00a0\u00bb0&Prime;]<\/p>\n<h2 style=\"text-align: justify;\"><em>The Luxury PR<\/em><\/h2>\n<p style=\"text-align: justify;\">est une agence de communication et de relations publiques suisse connect\u00e9e \u00e0 l&rsquo;International, situ\u00e9e \u00e0 Gen\u00e8ve. <em>The Luxury PR<\/em> est n\u00e9e de la volont\u00e9 de mettre des comp\u00e9tences tr\u00e8s sp\u00e9cifiques li\u00e9es au monde du luxe au service des clients les plus exigeants, en alliant expertise haut-de-gamme et intelligence \u00e9motionnelle.<\/p>\n<p style=\"text-align: justify;\">Nous proposons des services de conseil en communication et en strat\u00e9gie PR dans les domaines suivants :<\/p>\n<p>[\/et_pb_text][\/et_pb_column][et_pb_column type=\u00a0\u00bb1_4&Prime; _builder_version=\u00a0\u00bb4.0.9&Prime;][\/et_pb_column][\/et_pb_row][et_pb_row column_structure=\u00a0\u00bb1_4,1_4,1_4,1_4&Prime; use_custom_gutter=\u00a0\u00bbon\u00a0\u00bb gutter_width=\u00a0\u00bb2&Prime; make_equal=\u00a0\u00bbon\u00a0\u00bb _builder_version=\u00a0\u00bb4.2.2&Prime; background_enable_color=\u00a0\u00bboff\u00a0\u00bb custom_margin=\u00a0\u00bb||||false|false\u00a0\u00bb custom_padding=\u00a0\u00bb||||false|false\u00a0\u00bb locked=\u00a0\u00bboff\u00a0\u00bb background__hover_enabled=\u00a0\u00bbon|desktop\u00a0\u00bb][et_pb_column type=\u00a0\u00bb1_4&Prime; _builder_version=\u00a0\u00bb4.2.2&Prime; background_color=\u00a0\u00bb#2C2C2C\u00a0\u00bb custom_padding=\u00a0\u00bb60px||60px||true|false\u00a0\u00bb animation_style=\u00a0\u00bbfade\u00a0\u00bb background__hover_enabled=\u00a0\u00bbon|hover\u00a0\u00bb background_color__hover=\u00a0\u00bb#252525&Prime; background_enable_color__hover=\u00a0\u00bbon\u00a0\u00bb][et_pb_image src=\u00a0\u00bbhttps:\/\/theluxurypr.com\/wp-content\/uploads\/2020\/02\/haute-horlogerie-300-1.jpg\u00a0\u00bb align=\u00a0\u00bbcenter\u00a0\u00bb _builder_version=\u00a0\u00bb4.3.2&Prime; module_alignment=\u00a0\u00bbcenter\u00a0\u00bb custom_padding=\u00a0\u00bb|20px||20px|false|false\u00a0\u00bb][\/et_pb_image][et_pb_text _builder_version=\u00a0\u00bb4.2.2&Prime; text_font=\u00a0\u00bbTeko||||||||\u00a0\u00bb text_text_color=\u00a0\u00bb#958860&Prime; text_font_size=\u00a0\u00bb35px\u00a0\u00bb text_line_height=\u00a0\u00bb1em\u00a0\u00bb header_text_color=\u00a0\u00bb#958860&Prime; header_3_text_color=\u00a0\u00bb#958860&Prime; text_orientation=\u00a0\u00bbcenter\u00a0\u00bb custom_margin=\u00a0\u00bb37px||||false|false\u00a0\u00bb link_option_url=\u00a0\u00bb#\u00a0\u00bb text_text_color__hover_enabled=\u00a0\u00bbon|desktop\u00a0\u00bb text_text_color__hover=\u00a0\u00bb#96885f\u00a0\u00bb]<\/p>\n<p>Haute horlogerie<\/p>\n<p>[\/et_pb_text][\/et_pb_column][et_pb_column type=\u00a0\u00bb1_4&Prime; _builder_version=\u00a0\u00bb4.2.2&Prime; background_color=\u00a0\u00bb#2C2C2C\u00a0\u00bb custom_padding=\u00a0\u00bb60px||60px||true|false\u00a0\u00bb animation_style=\u00a0\u00bbfade\u00a0\u00bb animation_delay=\u00a0\u00bb200ms\u00a0\u00bb background__hover_enabled=\u00a0\u00bbon|hover\u00a0\u00bb background_color__hover=\u00a0\u00bb#252525&Prime; background_enable_color__hover=\u00a0\u00bbon\u00a0\u00bb][et_pb_image src=\u00a0\u00bbhttps:\/\/theluxurypr.com\/wp-content\/uploads\/2020\/02\/16_ces_cpe_voiture_entiere_couleur-300.jpg\u00a0\u00bb align=\u00a0\u00bbcenter\u00a0\u00bb _builder_version=\u00a0\u00bb4.2.2&Prime; module_alignment=\u00a0\u00bbcenter\u00a0\u00bb custom_padding=\u00a0\u00bb|20px||20px|false|false\u00a0\u00bb][\/et_pb_image][et_pb_text _builder_version=\u00a0\u00bb4.2.2&Prime; text_font=\u00a0\u00bbTeko||||||||\u00a0\u00bb text_text_color=\u00a0\u00bb#958860&Prime; text_font_size=\u00a0\u00bb35px\u00a0\u00bb text_line_height=\u00a0\u00bb1em\u00a0\u00bb header_text_color=\u00a0\u00bb#958860&Prime; header_3_text_color=\u00a0\u00bb#958860&Prime; text_orientation=\u00a0\u00bbcenter\u00a0\u00bb custom_margin=\u00a0\u00bb37px||||false|false\u00a0\u00bb link_option_url=\u00a0\u00bb#\u00a0\u00bb text_text_color__hover_enabled=\u00a0\u00bbon|desktop\u00a0\u00bb text_text_color__hover=\u00a0\u00bb#96885f\u00a0\u00bb]<\/p>\n<p>Automobile<\/p>\n<p>[\/et_pb_text][\/et_pb_column][et_pb_column type=\u00a0\u00bb1_4&Prime; _builder_version=\u00a0\u00bb4.2.2&Prime; background_color=\u00a0\u00bb#2C2C2C\u00a0\u00bb custom_padding=\u00a0\u00bb60px||60px||true|false\u00a0\u00bb animation_style=\u00a0\u00bbfade\u00a0\u00bb animation_delay=\u00a0\u00bb400ms\u00a0\u00bb background__hover_enabled=\u00a0\u00bbon|hover\u00a0\u00bb background_color__hover=\u00a0\u00bb#252525&Prime; background_enable_color__hover=\u00a0\u00bbon\u00a0\u00bb][et_pb_image src=\u00a0\u00bbhttps:\/\/theluxurypr.com\/wp-content\/uploads\/2020\/02\/PIXNIO-208274-300.jpg\u00a0\u00bb align=\u00a0\u00bbcenter\u00a0\u00bb _builder_version=\u00a0\u00bb4.2.2&Prime; module_alignment=\u00a0\u00bbcenter\u00a0\u00bb custom_padding=\u00a0\u00bb|20px||20px|false|false\u00a0\u00bb][\/et_pb_image][et_pb_text _builder_version=\u00a0\u00bb4.2.2&Prime; text_font=\u00a0\u00bbTeko||||||||\u00a0\u00bb text_text_color=\u00a0\u00bb#958860&Prime; text_font_size=\u00a0\u00bb35px\u00a0\u00bb text_line_height=\u00a0\u00bb1em\u00a0\u00bb header_text_color=\u00a0\u00bb#958860&Prime; header_3_text_color=\u00a0\u00bb#958860&Prime; text_orientation=\u00a0\u00bbcenter\u00a0\u00bb custom_margin=\u00a0\u00bb37px||||false|false\u00a0\u00bb link_option_url=\u00a0\u00bb#\u00a0\u00bb text_text_color__hover_enabled=\u00a0\u00bbon|desktop\u00a0\u00bb text_text_color__hover=\u00a0\u00bb#96885f\u00a0\u00bb]<\/p>\n<p>Hospitality<\/p>\n<p>[\/et_pb_text][\/et_pb_column][et_pb_column type=\u00a0\u00bb1_4&Prime; _builder_version=\u00a0\u00bb4.2.2&Prime; background_color=\u00a0\u00bb#2C2C2C\u00a0\u00bb custom_padding=\u00a0\u00bb60px||60px||true|false\u00a0\u00bb animation_style=\u00a0\u00bbfade\u00a0\u00bb animation_delay=\u00a0\u00bb600ms\u00a0\u00bb background__hover_enabled=\u00a0\u00bbon|hover\u00a0\u00bb background_color__hover=\u00a0\u00bb#252525&Prime; background_enable_color__hover=\u00a0\u00bbon\u00a0\u00bb][et_pb_image src=\u00a0\u00bbhttps:\/\/theluxurypr.com\/wp-content\/uploads\/2020\/02\/Lot-8_Winning-credit-PHILLIPS-300.jpg\u00a0\u00bb align=\u00a0\u00bbcenter\u00a0\u00bb _builder_version=\u00a0\u00bb4.2.2&Prime; module_alignment=\u00a0\u00bbcenter\u00a0\u00bb custom_padding=\u00a0\u00bb|20px||20px|false|false\u00a0\u00bb][\/et_pb_image][et_pb_text _builder_version=\u00a0\u00bb4.2.2&Prime; text_font=\u00a0\u00bbTeko||||||||\u00a0\u00bb text_text_color=\u00a0\u00bb#958860&Prime; text_font_size=\u00a0\u00bb35px\u00a0\u00bb text_line_height=\u00a0\u00bb1em\u00a0\u00bb header_text_color=\u00a0\u00bb#958860&Prime; header_3_text_color=\u00a0\u00bb#958860&Prime; text_orientation=\u00a0\u00bbcenter\u00a0\u00bb custom_margin=\u00a0\u00bb37px||||false|false\u00a0\u00bb link_option_url=\u00a0\u00bb#\u00a0\u00bb text_text_color__hover_enabled=\u00a0\u00bbon|desktop\u00a0\u00bb text_text_color__hover=\u00a0\u00bb#96885f\u00a0\u00bb]<\/p>\n<p>Ventes<br \/> aux ench\u00e8res<\/p>\n<p>[\/et_pb_text][\/et_pb_column][\/et_pb_row][\/et_pb_section][et_pb_section fb_built=\u00a0\u00bb1&Prime; _builder_version=\u00a0\u00bb4.2.1&Prime;][et_pb_row column_structure=\u00a0\u00bb3_5,2_5&Prime; _builder_version=\u00a0\u00bb4.2.1&Prime; custom_padding=\u00a0\u00bb50px|||||\u00a0\u00bb][et_pb_column type=\u00a0\u00bb3_5&Prime; _builder_version=\u00a0\u00bb4.0.9&Prime;][et_pb_text _builder_version=\u00a0\u00bb4.2.1&Prime; text_orientation=\u00a0\u00bbcenter\u00a0\u00bb]<\/p>\n<p style=\"text-align: justify;\">Loin du business model d\u2019une agence de relations publiques classique, c\u2019est un service sur-mesure que nous proposons \u00e0 nos clients, pour lesquels nous construisons, en regard de leurs objectifs et \u00e0 la suite d\u2019une \u00e9coute attentive et d\u00e9vou\u00e9e, une approche strat\u00e9gique de grande pr\u00e9cision visant \u00e0 atteindre des objectifs tr\u00e8s pointus.<\/p>\n<p style=\"text-align: justify;\">Le bureau de consulting PR a \u00e9t\u00e9 fond\u00e9 par Asta Ponzo en 2012. Cumulant plus de 25 ans d\u2019exp\u00e9rience pass\u00e9s au service de soci\u00e9t\u00e9s du luxe dont notamment le groupe Richemont, Asta est souvent d\u00e9crite comme un ultra-sp\u00e9cialiste en relations publiques, le partenaire id\u00e9al pour des actions de communication ou de relations publiques exigeant de l\u2019efficacit\u00e9, du tact et de l\u2019\u00e9l\u00e9gance.<\/p>\n<p style=\"text-align: justify;\">Int\u00e9grant une parfaite connaissance du domaine du luxe, tous secteurs confondus, The Luxury PR garantit un point de force li\u00e9 au traitement de la client\u00e8le HNWI, s\u2019appuyant sur un r\u00e9seau international savamment construit depuis 20 ans. Ce r\u00e9seau est constitu\u00e9 de journalistes influents traitant uniquement de sujets de pointe et de d\u00e9cideurs membres de l\u2019industrie du luxe dans les domaines de l\u2019horlogerie, la joaillerie, de la voiture de collection, de la gastronomie et de l\u2019hospitality, des ventes aux ench\u00e8res ou de l\u2019art.<\/p>\n<p style=\"text-align: justify;\">L\u2019\u00e9coute, le respect, la discr\u00e9tion, l\u2019enthousiasme et le professionnalisme sont autant de valeurs qui soutiennent notre action au quotidien. <em>The Luxury PR<\/em> est le partenaire qui saura int\u00e9grer votre identit\u00e9 de marque, vous soutenir dans la construction de votre succ\u00e8s et porter votre message \u00e0 une audience habilement cibl\u00e9e.<\/p>\n<p style=\"text-align: justify;\">Depuis presque 10 ans, Asta Ponzo accompagne des clients de prestige comme Le Grand Prix d\u2019Horlogerie de Gen\u00e8ve, PHILLIPS In Association with Bacs &amp; Russo \u2013 d\u00e9partement horloger, Raymond Weil SA, le concepteur horloger Jean-Marc Wiederrecht, le Concours d\u2019\u00c9l\u00e9gance Suisse et bien d\u2019autres dans l\u2019atteinte de leurs objectifs de communication.<\/p>\n<p>[\/et_pb_text][\/et_pb_column][et_pb_column type=\u00a0\u00bb2_5&Prime; _builder_version=\u00a0\u00bb4.0.9&Prime;][\/et_pb_column][\/et_pb_row][et_pb_row column_structure=\u00a0\u00bb1_4,1_4,1_4,1_4&Prime; make_equal=\u00a0\u00bbon\u00a0\u00bb _builder_version=\u00a0\u00bb4.2.2&Prime; custom_css_main_element=\u00a0\u00bbalign-items: flex-end;\u00a0\u00bb][et_pb_column type=\u00a0\u00bb1_4&Prime; _builder_version=\u00a0\u00bb4.2.2&Prime;][et_pb_image src=\u00a0\u00bbhttps:\/\/theluxurypr.com\/wp-content\/uploads\/2020\/01\/PHILLIPS-LOGO-500.jpg\u00a0\u00bb url=\u00a0\u00bbhttps:\/\/www.phillips.com\/watches\u00a0\u00bb url_new_window=\u00a0\u00bbon\u00a0\u00bb align=\u00a0\u00bbcenter\u00a0\u00bb _builder_version=\u00a0\u00bb4.3.2&Prime; width=\u00a0\u00bb90%\u00a0\u00bb custom_margin=\u00a0\u00bb||15px||false|false\u00a0\u00bb][\/et_pb_image][\/et_pb_column][et_pb_column type=\u00a0\u00bb1_4&Prime; _builder_version=\u00a0\u00bb4.2.2&Prime;][et_pb_image src=\u00a0\u00bbhttps:\/\/theluxurypr.com\/wp-content\/uploads\/2020\/01\/Concours-delegance-500.jpg\u00a0\u00bb url=\u00a0\u00bbhttps:\/\/www.concoursdelegancesuisse.com\u00a0\u00bb url_new_window=\u00a0\u00bbon\u00a0\u00bb align=\u00a0\u00bbcenter\u00a0\u00bb _builder_version=\u00a0\u00bb4.3.2&Prime; filter_saturate=\u00a0\u00bb0%\u00a0\u00bb][\/et_pb_image][\/et_pb_column][et_pb_column type=\u00a0\u00bb1_4&Prime; _builder_version=\u00a0\u00bb4.2.2&Prime;][et_pb_image src=\u00a0\u00bbhttps:\/\/theluxurypr.com\/wp-content\/uploads\/2020\/01\/81_AGENHOR_logo_grand_RVB-500.jpg\u00a0\u00bb url=\u00a0\u00bbhttp:\/\/agenhor.ch\/en\/home\/\u00a0\u00bb url_new_window=\u00a0\u00bbon\u00a0\u00bb align=\u00a0\u00bbcenter\u00a0\u00bb _builder_version=\u00a0\u00bb4.3.2&Prime; width=\u00a0\u00bb75%\u00a0\u00bb custom_padding=\u00a0\u00bb||13px||false|false\u00a0\u00bb filter_saturate=\u00a0\u00bb0%\u00a0\u00bb][\/et_pb_image][\/et_pb_column][et_pb_column type=\u00a0\u00bb1_4&Prime; _builder_version=\u00a0\u00bb4.2.2&Prime;][et_pb_image src=\u00a0\u00bbhttps:\/\/theluxurypr.com\/wp-content\/uploads\/2020\/01\/LOGO-GPHG-500.jpg\u00a0\u00bb url=\u00a0\u00bbhttps:\/\/gphg.org\u00a0\u00bb url_new_window=\u00a0\u00bbon\u00a0\u00bb align=\u00a0\u00bbcenter\u00a0\u00bb _builder_version=\u00a0\u00bb4.3.2&Prime; width=\u00a0\u00bb65%\u00a0\u00bb filter_saturate=\u00a0\u00bb0%\u00a0\u00bb][\/et_pb_image][\/et_pb_column][\/et_pb_row][\/et_pb_section][et_pb_section fb_built=\u00a0\u00bb1&Prime; _builder_version=\u00a0\u00bb4.3.4&Prime; background_color=\u00a0\u00bb#545454&Prime; locked=\u00a0\u00bboff\u00a0\u00bb][et_pb_row column_structure=\u00a0\u00bb1_2,1_2&Prime; _builder_version=\u00a0\u00bb4.3.4&Prime;][et_pb_column type=\u00a0\u00bb1_2&Prime; _builder_version=\u00a0\u00bb4.3.4&Prime;][\/et_pb_column][et_pb_column type=\u00a0\u00bb1_2&Prime; _builder_version=\u00a0\u00bb4.3.4&Prime;][et_pb_text _builder_version=\u00a0\u00bb4.3.4&Prime; text_text_color=\u00a0\u00bb#ffffff\u00a0\u00bb header_2_text_color=\u00a0\u00bb#ffffff\u00a0\u00bb custom_padding=\u00a0\u00bb|||20px|false|false\u00a0\u00bb]<\/p>\n<h2 style=\"text-align: right;\">Cr\u00e9dits<\/h2>\n<p style=\"text-align: right;\"><span>John Elbing,\u00a0<\/span><a href=\"http:\/\/standpoint.ch\/\" target=\"_blank\" rel=\"noopener noreferrer\">Standpoint<\/a>\u00a0&#8211;\u00a0<span>Alex Teuscher <a href=\"https:\/\/alexteuscher.com\/\" target=\"_blank\" rel=\"noopener noreferrer\">photographe<\/a> &#8211; <\/span><span>Ex-Machina, Nyon &#8211;\u00a0 Phillips in Association with Bacs &amp; Russo &#8211; Concours d\u2019El\u00e9gance Suisse &#8211; Grand Prix d\u2019Horlogerie de Gen\u00e8ve &#8211; <a href=\"https:\/\/www.transcribe.ch\/\" target=\"_blank\" rel=\"noopener noreferrer\">Transcribe S\u00e0rl<\/a> &#8211; Elie Bernheim, Raymond Weil SA- Carlo Lamprecht\u00a0<\/span><\/p>\n<p>[\/et_pb_text][\/et_pb_column][\/et_pb_row][\/et_pb_section][et_pb_section fb_built=\u00a0\u00bb1&Prime; module_id=\u00a0\u00bbcontact\u00a0\u00bb _builder_version=\u00a0\u00bb4.2.2&Prime; background_color=\u00a0\u00bb#2c2c2c\u00a0\u00bb global_module=\u00a0\u00bb49985&Prime; saved_tabs=\u00a0\u00bball\u00a0\u00bb locked=\u00a0\u00bboff\u00a0\u00bb][et_pb_row column_structure=\u00a0\u00bb1_3,2_3&Prime; _builder_version=\u00a0\u00bb4.1&Prime; custom_padding=\u00a0\u00bb||0px|||\u00a0\u00bb][et_pb_column type=\u00a0\u00bb1_3&Prime; _builder_version=\u00a0\u00bb4.1&Prime;][et_pb_image src=\u00a0\u00bbhttps:\/\/theluxurypr.com\/wp-content\/uploads\/2020\/01\/White-on-Transparent-250.png\u00a0\u00bb align=\u00a0\u00bbcenter\u00a0\u00bb _builder_version=\u00a0\u00bb4.2.2&Prime;][\/et_pb_image][\/et_pb_column][et_pb_column type=\u00a0\u00bb2_3&Prime; _builder_version=\u00a0\u00bb4.1&Prime;][et_pb_text _builder_version=\u00a0\u00bb4.2.2&Prime; text_text_color=\u00a0\u00bb#ffffff\u00a0\u00bb text_font_size=\u00a0\u00bb20px\u00a0\u00bb header_2_text_color=\u00a0\u00bb#ffffff\u00a0\u00bb]<\/p>\n<h2>Contactez-nous<\/h2>\n<p>D\u00e9marrons une conversation et voyons si nous gagnerions \u00e0 travailler ensemble.<\/p>\n<p>[\/et_pb_text][et_pb_contact_form use_spam_service=\u00a0\u00bbon\u00a0\u00bb recaptcha_list=\u00a0\u00bbThe Luxury PR-0&Prime; email=\u00a0\u00bbasta@theluxurypr.com\u00a0\u00bb custom_message=\u00a0\u00bbMESSAGE DU SITE WEB (FR)||et_pb_line_break_holder||||et_pb_line_break_holder||Nom : %%Name%%||et_pb_line_break_holder||Email : %%Email%%||et_pb_line_break_holder||Message : ||et_pb_line_break_holder||%%Message%%\u00a0\u00bb success_message=\u00a0\u00bbMerci pour votre message. Nous vous contacterons tr\u00e8s rapidement.\u00a0\u00bb submit_button_text=\u00a0\u00bbEnvoyer\u00a0\u00bb _builder_version=\u00a0\u00bb4.3.4&Prime; form_field_background_color=\u00a0\u00bb#ffffff\u00a0\u00bb custom_button=\u00a0\u00bbon\u00a0\u00bb button_text_color=\u00a0\u00bb#ffffff\u00a0\u00bb button_icon_color=\u00a0\u00bb#ffffff\u00a0\u00bb][et_pb_contact_field field_id=\u00a0\u00bbName\u00a0\u00bb field_title=\u00a0\u00bbNom\u00a0\u00bb _builder_version=\u00a0\u00bb4.1&Prime; button_text_size__hover_enabled=\u00a0\u00bboff\u00a0\u00bb button_one_text_size__hover_enabled=\u00a0\u00bboff\u00a0\u00bb button_two_text_size__hover_enabled=\u00a0\u00bboff\u00a0\u00bb button_text_color__hover_enabled=\u00a0\u00bboff\u00a0\u00bb button_one_text_color__hover_enabled=\u00a0\u00bboff\u00a0\u00bb button_two_text_color__hover_enabled=\u00a0\u00bboff\u00a0\u00bb button_border_width__hover_enabled=\u00a0\u00bboff\u00a0\u00bb button_one_border_width__hover_enabled=\u00a0\u00bboff\u00a0\u00bb button_two_border_width__hover_enabled=\u00a0\u00bboff\u00a0\u00bb button_border_color__hover_enabled=\u00a0\u00bboff\u00a0\u00bb button_one_border_color__hover_enabled=\u00a0\u00bboff\u00a0\u00bb button_two_border_color__hover_enabled=\u00a0\u00bboff\u00a0\u00bb button_border_radius__hover_enabled=\u00a0\u00bboff\u00a0\u00bb button_one_border_radius__hover_enabled=\u00a0\u00bboff\u00a0\u00bb button_two_border_radius__hover_enabled=\u00a0\u00bboff\u00a0\u00bb button_letter_spacing__hover_enabled=\u00a0\u00bboff\u00a0\u00bb button_one_letter_spacing__hover_enabled=\u00a0\u00bboff\u00a0\u00bb button_two_letter_spacing__hover_enabled=\u00a0\u00bboff\u00a0\u00bb button_bg_color__hover_enabled=\u00a0\u00bboff\u00a0\u00bb button_one_bg_color__hover_enabled=\u00a0\u00bboff\u00a0\u00bb button_two_bg_color__hover_enabled=\u00a0\u00bboff\u00a0\u00bb][\/et_pb_contact_field][et_pb_contact_field field_id=\u00a0\u00bbEmail\u00a0\u00bb field_title=\u00a0\u00bbAdresse e-mail\u00a0\u00bb field_type=\u00a0\u00bbemail\u00a0\u00bb _builder_version=\u00a0\u00bb4.1&Prime; button_text_size__hover_enabled=\u00a0\u00bboff\u00a0\u00bb button_one_text_size__hover_enabled=\u00a0\u00bboff\u00a0\u00bb button_two_text_size__hover_enabled=\u00a0\u00bboff\u00a0\u00bb button_text_color__hover_enabled=\u00a0\u00bboff\u00a0\u00bb button_one_text_color__hover_enabled=\u00a0\u00bboff\u00a0\u00bb button_two_text_color__hover_enabled=\u00a0\u00bboff\u00a0\u00bb button_border_width__hover_enabled=\u00a0\u00bboff\u00a0\u00bb button_one_border_width__hover_enabled=\u00a0\u00bboff\u00a0\u00bb button_two_border_width__hover_enabled=\u00a0\u00bboff\u00a0\u00bb button_border_color__hover_enabled=\u00a0\u00bboff\u00a0\u00bb button_one_border_color__hover_enabled=\u00a0\u00bboff\u00a0\u00bb button_two_border_color__hover_enabled=\u00a0\u00bboff\u00a0\u00bb button_border_radius__hover_enabled=\u00a0\u00bboff\u00a0\u00bb button_one_border_radius__hover_enabled=\u00a0\u00bboff\u00a0\u00bb button_two_border_radius__hover_enabled=\u00a0\u00bboff\u00a0\u00bb button_letter_spacing__hover_enabled=\u00a0\u00bboff\u00a0\u00bb button_one_letter_spacing__hover_enabled=\u00a0\u00bboff\u00a0\u00bb button_two_letter_spacing__hover_enabled=\u00a0\u00bboff\u00a0\u00bb button_bg_color__hover_enabled=\u00a0\u00bboff\u00a0\u00bb button_one_bg_color__hover_enabled=\u00a0\u00bboff\u00a0\u00bb button_two_bg_color__hover_enabled=\u00a0\u00bboff\u00a0\u00bb][\/et_pb_contact_field][et_pb_contact_field field_id=\u00a0\u00bbMessage\u00a0\u00bb field_title=\u00a0\u00bbMessage\u00a0\u00bb field_type=\u00a0\u00bbtext\u00a0\u00bb fullwidth_field=\u00a0\u00bbon\u00a0\u00bb _builder_version=\u00a0\u00bb3.16&Prime; button_text_size__hover_enabled=\u00a0\u00bboff\u00a0\u00bb button_one_text_size__hover_enabled=\u00a0\u00bboff\u00a0\u00bb button_two_text_size__hover_enabled=\u00a0\u00bboff\u00a0\u00bb button_text_color__hover_enabled=\u00a0\u00bboff\u00a0\u00bb button_one_text_color__hover_enabled=\u00a0\u00bboff\u00a0\u00bb button_two_text_color__hover_enabled=\u00a0\u00bboff\u00a0\u00bb button_border_width__hover_enabled=\u00a0\u00bboff\u00a0\u00bb button_one_border_width__hover_enabled=\u00a0\u00bboff\u00a0\u00bb button_two_border_width__hover_enabled=\u00a0\u00bboff\u00a0\u00bb button_border_color__hover_enabled=\u00a0\u00bboff\u00a0\u00bb button_one_border_color__hover_enabled=\u00a0\u00bboff\u00a0\u00bb button_two_border_color__hover_enabled=\u00a0\u00bboff\u00a0\u00bb button_border_radius__hover_enabled=\u00a0\u00bboff\u00a0\u00bb button_one_border_radius__hover_enabled=\u00a0\u00bboff\u00a0\u00bb button_two_border_radius__hover_enabled=\u00a0\u00bboff\u00a0\u00bb button_letter_spacing__hover_enabled=\u00a0\u00bboff\u00a0\u00bb button_one_letter_spacing__hover_enabled=\u00a0\u00bboff\u00a0\u00bb button_two_letter_spacing__hover_enabled=\u00a0\u00bboff\u00a0\u00bb button_bg_color__hover_enabled=\u00a0\u00bboff\u00a0\u00bb button_one_bg_color__hover_enabled=\u00a0\u00bboff\u00a0\u00bb button_two_bg_color__hover_enabled=\u00a0\u00bboff\u00a0\u00bb][\/et_pb_contact_field][\/et_pb_contact_form][\/et_pb_column][\/et_pb_row][et_pb_row column_structure=\u00a0\u00bb1_6,1_6,1_6,1_6,1_6,1_6&Prime; _builder_version=\u00a0\u00bb4.2.2&Prime; custom_margin=\u00a0\u00bb||||false|false\u00a0\u00bb custom_padding=\u00a0\u00bb0px||||false|false\u00a0\u00bb][et_pb_column type=\u00a0\u00bb1_6&Prime; _builder_version=\u00a0\u00bb4.2.2&Prime;][\/et_pb_column][et_pb_column type=\u00a0\u00bb1_6&Prime; _builder_version=\u00a0\u00bb4.2.2&Prime;][\/et_pb_column][et_pb_column type=\u00a0\u00bb1_6&Prime; _builder_version=\u00a0\u00bb4.2.2&Prime;][et_pb_text _builder_version=\u00a0\u00bb4.2.2&Prime;]<a href=\"https:\/\/www.instagram.com\/astaponzo\/\" target=\"_blank\" rel=\"noopener noreferrer\"><img loading=\"lazy\" decoding=\"async\" src=\"https:\/\/theluxurypr.com\/wp-content\/uploads\/2020\/02\/insta-g-40.png\" width=\"40\" height=\"40\" alt=\"\" class=\"wp-image-50474 alignnone size-full\" \/><\/a>\u00a0 \u00a0<a href=\"https:\/\/www.linkedin.com\/in\/astaponzo\/\" target=\"_blank\" rel=\"noopener noreferrer\"><img loading=\"lazy\" decoding=\"async\" src=\"https:\/\/theluxurypr.com\/wp-content\/uploads\/2020\/02\/linkedin-g-40.png\" width=\"40\" height=\"40\" alt=\"\" class=\"wp-image-50475 alignnone size-full\" \/><\/a>[\/et_pb_text][\/et_pb_column][et_pb_column type=\u00a0\u00bb1_6&Prime; _builder_version=\u00a0\u00bb4.2.2&Prime;][\/et_pb_column][et_pb_column type=\u00a0\u00bb1_6&Prime; _builder_version=\u00a0\u00bb4.2.2&Prime;][\/et_pb_column][et_pb_column type=\u00a0\u00bb1_6&Prime; _builder_version=\u00a0\u00bb4.2.2&Prime;][\/et_pb_column][\/et_pb_row][\/et_pb_section]<\/p>\n","protected":false},"excerpt":{"rendered":"<p>L&rsquo;AgenceAgence de communication et de relations publiques suisse connect\u00e9e \u00e0 l&rsquo;InternationalThe Luxury PR est une agence de communication et de relations publiques suisse connect\u00e9e \u00e0 l&rsquo;International, situ\u00e9e \u00e0 Gen\u00e8ve. The Luxury PR est n\u00e9e de la volont\u00e9 de mettre des comp\u00e9tences tr\u00e8s sp\u00e9cifiques li\u00e9es au monde du luxe au service des clients les plus exigeants, [&hellip;]<\/p>\n","protected":false},"author":1,"featured_media":0,"parent":0,"menu_order":0,"comment_status":"closed","ping_status":"closed","template":"","meta":{"_et_pb_use_builder":"on","_et_pb_old_content":"","_et_gb_content_width":"","inline_featured_image":false,"footnotes":""},"class_list":["post-49910","page","type-page","status-publish","hentry"],"_links":{"self":[{"href":"https:\/\/theluxurypr.com\/fr\/wp-json\/wp\/v2\/pages\/49910","targetHints":{"allow":["GET"]}}],"collection":[{"href":"https:\/\/theluxurypr.com\/fr\/wp-json\/wp\/v2\/pages"}],"about":[{"href":"https:\/\/theluxurypr.com\/fr\/wp-json\/wp\/v2\/types\/page"}],"author":[{"embeddable":true,"href":"https:\/\/theluxurypr.com\/fr\/wp-json\/wp\/v2\/users\/1"}],"replies":[{"embeddable":true,"href":"https:\/\/theluxurypr.com\/fr\/wp-json\/wp\/v2\/comments?post=49910"}],"version-history":[{"count":34,"href":"https:\/\/theluxurypr.com\/fr\/wp-json\/wp\/v2\/pages\/49910\/revisions"}],"predecessor-version":[{"id":50674,"href":"https:\/\/theluxurypr.com\/fr\/wp-json\/wp\/v2\/pages\/49910\/revisions\/50674"}],"wp:attachment":[{"href":"https:\/\/theluxurypr.com\/fr\/wp-json\/wp\/v2\/media?parent=49910"}],"curies":[{"name":"wp","href":"https:\/\/api.w.org\/{rel}","templated":true}]}}