{"id":49949,"date":"2020-01-15T13:45:13","date_gmt":"2020-01-15T13:45:13","guid":{"rendered":"http:\/\/theluxurypr.standpoint.ch\/?page_id=49949"},"modified":"2020-01-22T21:09:55","modified_gmt":"2020-01-22T21:09:55","slug":"nos-services","status":"publish","type":"page","link":"https:\/\/theluxurypr.com\/fr\/nos-services\/","title":{"rendered":"Nos services"},"content":{"rendered":"<p>[et_pb_section fb_built=\u00a0\u00bb1&Prime; _builder_version=\u00a0\u00bb4.1&Prime; use_background_color_gradient=\u00a0\u00bbon\u00a0\u00bb background_color_gradient_start=\u00a0\u00bbrgba(0,0,0,0.71)\u00a0\u00bb background_color_gradient_end=\u00a0\u00bbrgba(0,0,0,0.71)\u00a0\u00bb background_color_gradient_overlays_image=\u00a0\u00bbon\u00a0\u00bb background_image=\u00a0\u00bbhttps:\/\/theluxurypr.com\/wp-content\/uploads\/2020\/01\/16_ces_cpe_chateau_couleur-7-1000.jpg\u00a0\u00bb custom_padding=\u00a0\u00bb11%||11%||true|false\u00a0\u00bb locked=\u00a0\u00bboff\u00a0\u00bb][et_pb_row use_custom_gutter=\u00a0\u00bbon\u00a0\u00bb gutter_width=\u00a0\u00bb2&Prime; make_equal=\u00a0\u00bbon\u00a0\u00bb _builder_version=\u00a0\u00bb3.27.4&Prime; width=\u00a0\u00bb90%\u00a0\u00bb width_tablet=\u00a0\u00bb90%\u00a0\u00bb width_phone=\u00a0\u00bb90%\u00a0\u00bb width_last_edited=\u00a0\u00bbon|phone\u00a0\u00bb max_width=\u00a0\u00bb1270px\u00a0\u00bb max_width_tablet=\u00a0\u00bb90%\u00a0\u00bb max_width_phone=\u00a0\u00bb90%\u00a0\u00bb max_width_last_edited=\u00a0\u00bbon|tablet\u00a0\u00bb custom_padding=\u00a0\u00bb||||false|false\u00a0\u00bb][et_pb_column type=\u00a0\u00bb4_4&Prime; _builder_version=\u00a0\u00bb3.27.4&Prime;][et_pb_text _builder_version=\u00a0\u00bb4.2.2&Prime; header_font=\u00a0\u00bb|||on|||||\u00a0\u00bb header_text_align=\u00a0\u00bbcenter\u00a0\u00bb header_text_color=\u00a0\u00bb#958860&Prime; header_font_size=\u00a0\u00bb90px\u00a0\u00bb animation_style=\u00a0\u00bbfade\u00a0\u00bb hover_enabled=\u00a0\u00bb0&Prime; header_font_size_tablet=\u00a0\u00bb70px\u00a0\u00bb header_font_size_phone=\u00a0\u00bb50px\u00a0\u00bb header_font_size_last_edited=\u00a0\u00bbon|phone\u00a0\u00bb]<\/p>\n<h1>NOS SERVICES<\/h1>\n<p>[\/et_pb_text][et_pb_divider color=\u00a0\u00bb#ffffff\u00a0\u00bb divider_position=\u00a0\u00bbcenter\u00a0\u00bb divider_weight=\u00a0\u00bb2px\u00a0\u00bb _builder_version=\u00a0\u00bb3.27.4&Prime; max_width=\u00a0\u00bb76px\u00a0\u00bb module_alignment=\u00a0\u00bbcenter\u00a0\u00bb custom_margin=\u00a0\u00bb-15px||||false|false\u00a0\u00bb animation_style=\u00a0\u00bbfade\u00a0\u00bb animation_delay=\u00a0\u00bb200ms\u00a0\u00bb][\/et_pb_divider][et_pb_text _builder_version=\u00a0\u00bb4.1&Prime; text_font=\u00a0\u00bbMontserrat||||||||\u00a0\u00bb text_text_color=\u00a0\u00bbrgba(255,255,255,0.65)\u00a0\u00bb text_font_size=\u00a0\u00bb18px\u00a0\u00bb text_line_height=\u00a0\u00bb1.8em\u00a0\u00bb text_orientation=\u00a0\u00bbcenter\u00a0\u00bb max_width=\u00a0\u00bb656px\u00a0\u00bb module_alignment=\u00a0\u00bbcenter\u00a0\u00bb custom_margin=\u00a0\u00bb30px||||false|false\u00a0\u00bb animation_style=\u00a0\u00bbfade\u00a0\u00bb animation_delay=\u00a0\u00bb400ms\u00a0\u00bb]<\/p>\n<p>Nous vous accompagnons pour tous vos besoins en PR<\/p>\n<p>[\/et_pb_text][\/et_pb_column][\/et_pb_row][\/et_pb_section][et_pb_section fb_built=\u00a0\u00bb1&Prime; _builder_version=\u00a0\u00bb4.0.9&Prime;][et_pb_row column_structure=\u00a0\u00bb1_3,2_3&Prime; _builder_version=\u00a0\u00bb4.0.9&Prime;][et_pb_column type=\u00a0\u00bb1_3&Prime; _builder_version=\u00a0\u00bb4.0.9&Prime;][et_pb_text _builder_version=\u00a0\u00bb4.1&Prime;]<\/p>\n<h2>Conseil en strat\u00e9gie PR<\/h2>\n<p>[\/et_pb_text][et_pb_image src=\u00a0\u00bbhttps:\/\/theluxurypr.com\/wp-content\/uploads\/2020\/01\/icons8-multichannel-g.png\u00a0\u00bb _builder_version=\u00a0\u00bb4.2.2&Prime; hover_enabled=\u00a0\u00bb0&Prime;][\/et_pb_image][\/et_pb_column][et_pb_column type=\u00a0\u00bb2_3&Prime; _builder_version=\u00a0\u00bb4.0.9&Prime;][et_pb_text _builder_version=\u00a0\u00bb4.1&Prime; text_orientation=\u00a0\u00bbcenter\u00a0\u00bb]<\/p>\n<p style=\"text-align: justify;\">Un ultra-sp\u00e9cialiste des PR chez vous ? \u0153uvrant main dans la main avec vos \u00e9quipes pour booster vos objectifs de communication et de PR ? Choisissez notre service de soutien \u00ab in house \u00bb le temps d\u2019atteindre vos objectifs !<\/p>\n<p style=\"text-align: justify;\">The Luxury PR facilite pour vous toutes les actions li\u00e9es \u00e0 une strat\u00e9gie PR, de sa conception \u00e0 sa mise en action. S\u2019appuyant sur son r\u00e9seau de journalistes\/bloggeurs unique, The Luxury PR accompagne vos \u00e9quipes dans la recherche de la meilleure strat\u00e9gie, proposant un conseil avis\u00e9, \u00e9tudi\u00e9 et conscient des enjeux de communication actuels.<\/p>\n<p style=\"text-align: justify;\">Nous d\u00e9fendons les int\u00e9r\u00eats de nos clients en faisant usage d\u2019intelligence \u00e9motionnelle, d\u2019une excellente connaissance du domaine mais \u00e9galement en pond\u00e9rant tous les aspects strat\u00e9giques pour les conduire au succ\u00e8s.<\/p>\n<p style=\"text-align: justify;\">Nous intervenons sur l\u2019ensemble du processus ou \u00e0 la demande, sur les points qui n\u00e9cessitent un soutien, en collaboration avec vos \u00e9quipes ou de fa\u00e7on autonome.<\/p>\n<p>[\/et_pb_text][\/et_pb_column][\/et_pb_row][et_pb_row _builder_version=\u00a0\u00bb4.1&Prime;][et_pb_column type=\u00a0\u00bb4_4&Prime; _builder_version=\u00a0\u00bb4.1&Prime;][et_pb_divider color=\u00a0\u00bb#DBB0B2&Prime; _builder_version=\u00a0\u00bb4.1&Prime; locked=\u00a0\u00bboff\u00a0\u00bb][\/et_pb_divider][\/et_pb_column][\/et_pb_row][et_pb_row column_structure=\u00a0\u00bb1_3,2_3&Prime; _builder_version=\u00a0\u00bb4.0.9&Prime;][et_pb_column type=\u00a0\u00bb1_3&Prime; _builder_version=\u00a0\u00bb4.0.9&Prime;][et_pb_text _builder_version=\u00a0\u00bb4.1&Prime;]<\/p>\n<h2>Relations publiques \/ presse<\/h2>\n<p>[\/et_pb_text][et_pb_image src=\u00a0\u00bbhttps:\/\/theluxurypr.com\/wp-content\/uploads\/2020\/01\/icons8-news-g.png\u00a0\u00bb _builder_version=\u00a0\u00bb4.2.2&Prime; hover_enabled=\u00a0\u00bb0&Prime;][\/et_pb_image][\/et_pb_column][et_pb_column type=\u00a0\u00bb2_3&Prime; _builder_version=\u00a0\u00bb4.0.9&Prime;][et_pb_text _builder_version=\u00a0\u00bb4.1&Prime; text_orientation=\u00a0\u00bbcenter\u00a0\u00bb]<\/p>\n<p style=\"text-align: justify;\">The Luxury PR peut prendre en charge la r\u00e9daction de communiqu\u00e9s de presse, leur envoi \u00e0 une base qualifi\u00e9e et quotidiennement mise \u00e0 jour, ainsi que la relance PR, point fondamental et aboutissement de toute strat\u00e9gie PR construite dans les r\u00e8gles de l\u2019art.<\/p>\n<p style=\"text-align: justify;\">Faisant b\u00e9n\u00e9ficier ses clients de son r\u00e9seau et de ses relations avec les m\u00e9dias d\u2019influence, qu\u2019ils soient digitaux ou traditionnels, The Luxury PR vous accompagne dans la d\u00e9finition des objectifs PR et propose une action dite \u00ab taylor made \u00bb.<\/p>\n<p style=\"text-align: justify;\">Les journalistes cibl\u00e9s sont contact\u00e9s individuellement et avec courtoisie, une approche r\u00e9fl\u00e9chie leur est sugg\u00e9r\u00e9e, et un soutien \u00e0 360\u00b0 leur est propos\u00e9 afin de raccourcir le processus et obtenir leur assentiment. Cette technique a prouv\u00e9 son efficacit\u00e9 aupr\u00e8s de tous nos clients, sans exception.<\/p>\n<p style=\"text-align: justify;\">Autres prestations :<\/p>\n<ul>\n<li style=\"text-align: justify;\">Coaching m\u00e9dias pour particuliers et CEOs, savoir parler \u00e0 la presse<\/li>\n<li style=\"text-align: justify;\">Gestion de crise<\/li>\n<li style=\"text-align: justify;\">Organisation de conf\u00e9rences de presse<\/li>\n<li style=\"text-align: justify;\">Porte-parole<\/li>\n<li style=\"text-align: justify;\">Lancements produits<\/li>\n<\/ul>\n<p>[\/et_pb_text][\/et_pb_column][\/et_pb_row][et_pb_row _builder_version=\u00a0\u00bb4.1&Prime;][et_pb_column type=\u00a0\u00bb4_4&Prime; _builder_version=\u00a0\u00bb4.1&Prime;][et_pb_divider color=\u00a0\u00bb#DBB0B2&Prime; _builder_version=\u00a0\u00bb4.1&Prime; locked=\u00a0\u00bboff\u00a0\u00bb][\/et_pb_divider][\/et_pb_column][\/et_pb_row][et_pb_row column_structure=\u00a0\u00bb1_3,2_3&Prime; _builder_version=\u00a0\u00bb4.0.9&Prime;][et_pb_column type=\u00a0\u00bb1_3&Prime; _builder_version=\u00a0\u00bb4.0.9&Prime;][et_pb_text _builder_version=\u00a0\u00bb4.2.1&Prime;]<\/p>\n<h2>Ev\u00e8nements<\/h2>\n<p>[\/et_pb_text][et_pb_image src=\u00a0\u00bbhttps:\/\/theluxurypr.com\/wp-content\/uploads\/2020\/01\/icons8-champagne_bottle-g.png\u00a0\u00bb _builder_version=\u00a0\u00bb4.2.2&Prime; hover_enabled=\u00a0\u00bb0&Prime;][\/et_pb_image][\/et_pb_column][et_pb_column type=\u00a0\u00bb2_3&Prime; _builder_version=\u00a0\u00bb4.0.9&Prime;][et_pb_text _builder_version=\u00a0\u00bb4.1&Prime; text_orientation=\u00a0\u00bbcenter\u00a0\u00bb]<\/p>\n<p style=\"text-align: justify;\">Fort de son r\u00e9seau international, The Luxury PR organise pour ses clients des \u00e9v\u00e9nements de niche \u00e0 l\u2019attention de la presse, des bloggeurs, d\u2019une client\u00e8le exigeante ou d\u2019une s\u00e9lection d\u2019individus HNWI. Une exp\u00e9rience confirm\u00e9e nous permet de vous livrer des \u00e9v\u00e9nements de niche, cl\u00e9s en mains.<\/p>\n<p style=\"text-align: justify;\">Du choix du lieu, de l\u2019audience ou de la pr\u00e9sence de la presse, les standards d\u2019exigence que nous pratiquons garantissent un environnement de pointe digne des entreprises recherchant les standards les plus \u00e9lev\u00e9s tant au niveau de la qualit\u00e9 de l\u2019accueil, du raffinement de la proposition gastronomique que de la pertinence de l\u2019audience.<\/p>\n<p style=\"text-align: justify;\">Nous pouvons au choix : accompagner vos \u00e9quipes dans la conception des \u00e9v\u00e9nements pr\u00e9vus par les guidelines corporate ou vous livrer une proposition enti\u00e8rement in\u00e9dite et construite de A \u00e0 Z.<\/p>\n<p>[\/et_pb_text][\/et_pb_column][\/et_pb_row][\/et_pb_section][et_pb_section fb_built=\u00a0\u00bb1&Prime; module_id=\u00a0\u00bbcontact\u00a0\u00bb _builder_version=\u00a0\u00bb4.2.2&Prime; background_color=\u00a0\u00bb#2c2c2c\u00a0\u00bb global_module=\u00a0\u00bb49985&Prime; saved_tabs=\u00a0\u00bball\u00a0\u00bb locked=\u00a0\u00bboff\u00a0\u00bb][et_pb_row column_structure=\u00a0\u00bb1_3,2_3&Prime; _builder_version=\u00a0\u00bb4.1&Prime;][et_pb_column type=\u00a0\u00bb1_3&Prime; _builder_version=\u00a0\u00bb4.1&Prime;][et_pb_image src=\u00a0\u00bbhttps:\/\/theluxurypr.com\/wp-content\/uploads\/2020\/01\/White-on-Transparent-250.png\u00a0\u00bb align=\u00a0\u00bbcenter\u00a0\u00bb _builder_version=\u00a0\u00bb4.2.2&Prime;][\/et_pb_image][\/et_pb_column][et_pb_column type=\u00a0\u00bb2_3&Prime; _builder_version=\u00a0\u00bb4.1&Prime;][et_pb_text _builder_version=\u00a0\u00bb4.1&Prime; text_text_color=\u00a0\u00bb#ffffff\u00a0\u00bb text_font_size=\u00a0\u00bb20px\u00a0\u00bb header_2_text_color=\u00a0\u00bb#ffffff\u00a0\u00bb]<\/p>\n<h2>Contactez-nous<\/h2>\n<p>D\u00e9marrons une conversation et voyons si nous gagnerions \u00e0 travailler ensemble.<\/p>\n<p>[\/et_pb_text][et_pb_contact_form use_spam_service=\u00a0\u00bbon\u00a0\u00bb recaptcha_list=\u00a0\u00bbThe Luxury PR-0&Prime; email=\u00a0\u00bbjohn@standpoint.ch\u00a0\u00bb custom_message=\u00a0\u00bbMESSAGE DU SITE WEB||et_pb_line_break_holder||||et_pb_line_break_holder||Nom : %%Name%%||et_pb_line_break_holder||Email : %%Email%%||et_pb_line_break_holder||Message : ||et_pb_line_break_holder||%%Message%%\u00a0\u00bb success_message=\u00a0\u00bbMerci pour votre message. Nous vous contacterons tr\u00e8s rapidement.\u00a0\u00bb submit_button_text=\u00a0\u00bbEnvoyer\u00a0\u00bb _builder_version=\u00a0\u00bb4.2.1&Prime; form_field_background_color=\u00a0\u00bb#ffffff\u00a0\u00bb custom_button=\u00a0\u00bbon\u00a0\u00bb button_text_color=\u00a0\u00bb#ffffff\u00a0\u00bb button_icon_color=\u00a0\u00bb#ffffff\u00a0\u00bb][et_pb_contact_field field_id=\u00a0\u00bbName\u00a0\u00bb field_title=\u00a0\u00bbNom\u00a0\u00bb _builder_version=\u00a0\u00bb4.1&Prime; button_text_size__hover_enabled=\u00a0\u00bboff\u00a0\u00bb button_one_text_size__hover_enabled=\u00a0\u00bboff\u00a0\u00bb button_two_text_size__hover_enabled=\u00a0\u00bboff\u00a0\u00bb button_text_color__hover_enabled=\u00a0\u00bboff\u00a0\u00bb button_one_text_color__hover_enabled=\u00a0\u00bboff\u00a0\u00bb button_two_text_color__hover_enabled=\u00a0\u00bboff\u00a0\u00bb button_border_width__hover_enabled=\u00a0\u00bboff\u00a0\u00bb button_one_border_width__hover_enabled=\u00a0\u00bboff\u00a0\u00bb button_two_border_width__hover_enabled=\u00a0\u00bboff\u00a0\u00bb button_border_color__hover_enabled=\u00a0\u00bboff\u00a0\u00bb button_one_border_color__hover_enabled=\u00a0\u00bboff\u00a0\u00bb button_two_border_color__hover_enabled=\u00a0\u00bboff\u00a0\u00bb button_border_radius__hover_enabled=\u00a0\u00bboff\u00a0\u00bb button_one_border_radius__hover_enabled=\u00a0\u00bboff\u00a0\u00bb button_two_border_radius__hover_enabled=\u00a0\u00bboff\u00a0\u00bb button_letter_spacing__hover_enabled=\u00a0\u00bboff\u00a0\u00bb button_one_letter_spacing__hover_enabled=\u00a0\u00bboff\u00a0\u00bb button_two_letter_spacing__hover_enabled=\u00a0\u00bboff\u00a0\u00bb button_bg_color__hover_enabled=\u00a0\u00bboff\u00a0\u00bb button_one_bg_color__hover_enabled=\u00a0\u00bboff\u00a0\u00bb button_two_bg_color__hover_enabled=\u00a0\u00bboff\u00a0\u00bb][\/et_pb_contact_field][et_pb_contact_field field_id=\u00a0\u00bbEmail\u00a0\u00bb field_title=\u00a0\u00bbAdresse e-mail\u00a0\u00bb field_type=\u00a0\u00bbemail\u00a0\u00bb _builder_version=\u00a0\u00bb4.1&Prime; button_text_size__hover_enabled=\u00a0\u00bboff\u00a0\u00bb button_one_text_size__hover_enabled=\u00a0\u00bboff\u00a0\u00bb button_two_text_size__hover_enabled=\u00a0\u00bboff\u00a0\u00bb button_text_color__hover_enabled=\u00a0\u00bboff\u00a0\u00bb button_one_text_color__hover_enabled=\u00a0\u00bboff\u00a0\u00bb button_two_text_color__hover_enabled=\u00a0\u00bboff\u00a0\u00bb button_border_width__hover_enabled=\u00a0\u00bboff\u00a0\u00bb button_one_border_width__hover_enabled=\u00a0\u00bboff\u00a0\u00bb button_two_border_width__hover_enabled=\u00a0\u00bboff\u00a0\u00bb button_border_color__hover_enabled=\u00a0\u00bboff\u00a0\u00bb button_one_border_color__hover_enabled=\u00a0\u00bboff\u00a0\u00bb button_two_border_color__hover_enabled=\u00a0\u00bboff\u00a0\u00bb button_border_radius__hover_enabled=\u00a0\u00bboff\u00a0\u00bb button_one_border_radius__hover_enabled=\u00a0\u00bboff\u00a0\u00bb button_two_border_radius__hover_enabled=\u00a0\u00bboff\u00a0\u00bb button_letter_spacing__hover_enabled=\u00a0\u00bboff\u00a0\u00bb button_one_letter_spacing__hover_enabled=\u00a0\u00bboff\u00a0\u00bb button_two_letter_spacing__hover_enabled=\u00a0\u00bboff\u00a0\u00bb button_bg_color__hover_enabled=\u00a0\u00bboff\u00a0\u00bb button_one_bg_color__hover_enabled=\u00a0\u00bboff\u00a0\u00bb button_two_bg_color__hover_enabled=\u00a0\u00bboff\u00a0\u00bb][\/et_pb_contact_field][et_pb_contact_field field_id=\u00a0\u00bbMessage\u00a0\u00bb field_title=\u00a0\u00bbMessage\u00a0\u00bb field_type=\u00a0\u00bbtext\u00a0\u00bb fullwidth_field=\u00a0\u00bbon\u00a0\u00bb _builder_version=\u00a0\u00bb3.16&Prime; button_text_size__hover_enabled=\u00a0\u00bboff\u00a0\u00bb button_one_text_size__hover_enabled=\u00a0\u00bboff\u00a0\u00bb button_two_text_size__hover_enabled=\u00a0\u00bboff\u00a0\u00bb button_text_color__hover_enabled=\u00a0\u00bboff\u00a0\u00bb button_one_text_color__hover_enabled=\u00a0\u00bboff\u00a0\u00bb button_two_text_color__hover_enabled=\u00a0\u00bboff\u00a0\u00bb button_border_width__hover_enabled=\u00a0\u00bboff\u00a0\u00bb button_one_border_width__hover_enabled=\u00a0\u00bboff\u00a0\u00bb button_two_border_width__hover_enabled=\u00a0\u00bboff\u00a0\u00bb button_border_color__hover_enabled=\u00a0\u00bboff\u00a0\u00bb button_one_border_color__hover_enabled=\u00a0\u00bboff\u00a0\u00bb button_two_border_color__hover_enabled=\u00a0\u00bboff\u00a0\u00bb button_border_radius__hover_enabled=\u00a0\u00bboff\u00a0\u00bb button_one_border_radius__hover_enabled=\u00a0\u00bboff\u00a0\u00bb button_two_border_radius__hover_enabled=\u00a0\u00bboff\u00a0\u00bb button_letter_spacing__hover_enabled=\u00a0\u00bboff\u00a0\u00bb button_one_letter_spacing__hover_enabled=\u00a0\u00bboff\u00a0\u00bb button_two_letter_spacing__hover_enabled=\u00a0\u00bboff\u00a0\u00bb button_bg_color__hover_enabled=\u00a0\u00bboff\u00a0\u00bb button_one_bg_color__hover_enabled=\u00a0\u00bboff\u00a0\u00bb button_two_bg_color__hover_enabled=\u00a0\u00bboff\u00a0\u00bb][\/et_pb_contact_field][\/et_pb_contact_form][\/et_pb_column][\/et_pb_row][\/et_pb_section]<\/p>\n","protected":false},"excerpt":{"rendered":"<p>NOS SERVICESNous vous accompagnons pour tous vos besoins en PRConseil en strat\u00e9gie PRUn ultra-sp\u00e9cialiste des PR chez vous ? \u0153uvrant main dans la main avec vos \u00e9quipes pour booster vos objectifs de communication et de PR ? Choisissez notre service de soutien \u00ab in house \u00bb le temps d\u2019atteindre vos objectifs ! The Luxury PR [&hellip;]<\/p>\n","protected":false},"author":1,"featured_media":0,"parent":0,"menu_order":0,"comment_status":"closed","ping_status":"closed","template":"","meta":{"_et_pb_use_builder":"on","_et_pb_old_content":"","_et_gb_content_width":"","inline_featured_image":false,"footnotes":""},"class_list":["post-49949","page","type-page","status-publish","hentry"],"_links":{"self":[{"href":"https:\/\/theluxurypr.com\/fr\/wp-json\/wp\/v2\/pages\/49949","targetHints":{"allow":["GET"]}}],"collection":[{"href":"https:\/\/theluxurypr.com\/fr\/wp-json\/wp\/v2\/pages"}],"about":[{"href":"https:\/\/theluxurypr.com\/fr\/wp-json\/wp\/v2\/types\/page"}],"author":[{"embeddable":true,"href":"https:\/\/theluxurypr.com\/fr\/wp-json\/wp\/v2\/users\/1"}],"replies":[{"embeddable":true,"href":"https:\/\/theluxurypr.com\/fr\/wp-json\/wp\/v2\/comments?post=49949"}],"version-history":[{"count":10,"href":"https:\/\/theluxurypr.com\/fr\/wp-json\/wp\/v2\/pages\/49949\/revisions"}],"predecessor-version":[{"id":50376,"href":"https:\/\/theluxurypr.com\/fr\/wp-json\/wp\/v2\/pages\/49949\/revisions\/50376"}],"wp:attachment":[{"href":"https:\/\/theluxurypr.com\/fr\/wp-json\/wp\/v2\/media?parent=49949"}],"curies":[{"name":"wp","href":"https:\/\/api.w.org\/{rel}","templated":true}]}}